{"id":5722,"date":"2022-02-25T19:26:48","date_gmt":"2022-02-25T18:26:48","guid":{"rendered":"https:\/\/thrillsyndicate.com\/shop\/flightline-free-fall-apparaat-185-245-meter\/"},"modified":"2025-08-25T13:24:50","modified_gmt":"2025-08-25T11:24:50","slug":"flightline-redundant-free-fall-apparaat","status":"publish","type":"product","link":"https:\/\/thrillsyndicate.com\/nl\/product\/flightline-redundant-free-fall-apparaat\/","title":{"rendered":"FlightLine Free Fall-apparaat | 18,5 &#8211; 24,5 meter"},"content":{"rendered":"<p><b>Houd er rekening mee<\/b> dat de prijs voor de <b>FlightLine Free Fall Device<\/b> vanaf <b>1 oktober 2025<\/b> zal <b>stijgen<\/b> als gevolg van voortdurende wereldwijde tariefkwesties. Om de huidige prijs te ontvangen, moet je bestelling v\u00f3\u00f3r 1 oktober 2025 worden geplaatst en gepland zijn voor levering v\u00f3\u00f3r 30 november 2025. <\/p>\n<p>Breng avontuur naar nieuwe hoogten met de FlightLine Free Fall. Dit revolutionaire vrijevalapparaat biedt extreme spanning en zal een onvergetelijke ervaring cre\u00ebren.<\/p>\n<p>FlightLine is ontworpen voor een hoge doorvoer en heeft een opwindende, echte vrije val met een zachte vangst en wervelstroom magnetisch remmen voor soepel en consistent remmen, evenals een gefaseerd universeel remsysteem voor een verscheidenheid aan gebruikersgewichten.<\/p>\n<p><strong>Verlengde vrije val<\/strong><br \/>\n Deelnemers krijgen veel zendtijd met FlightLine, tot 11 m (36 ft) vrije val! FlightLine is geweldig als een op zichzelf staand element of om een extra &#8220;wow&#8221;-factor toe te voegen aan een bestaande avontuurlijke ervaring.<\/p>\n<p><strong>Hoge doorvoer<\/strong><br \/>\n De FlightLine trekt snel in en zorgt voor een hoge doorvoer van gasten. De doorvoer is hoger dan bij alternatieven (bijv. bungeejumps) en biedt dezelfde spannende vrije val.<\/p>\n<p><strong>Gefaseerd magnetisch remmen<\/strong><br \/>\n Gepatenteerde <a href=\"https:\/\/thrillsyndicate.com\/blog\/the-science-of-eddy-current-magnetic-braking\/\">magnetische wervelstroomremtechnologie<\/a> is uiterst betrouwbaar en zorgt voor een verbazingwekkend zachte vangst. Het dubbele remsysteem in FlightLine werkt in twee fasen, zodat de vangst soepel en zacht is.<\/p>\n<p><strong>Meerdere montageconfiguraties<\/strong><br \/>\n Met een optionele &#8220;jump-over&#8221;-configuratie kunnen deelnemers van een platform springen met het apparaat eronder gemonteerd. Dit vergroot de vrije valafstand en verhoogt de spanningsfactor. Twee ripcord-lengtes maken extra aanpassing van de FlightLine Free Fall-ervaring mogelijk.<\/p>\n<p><strong>Minimaal onderhoud<\/strong><br \/>\n De gepatenteerde magnetische wervelstroomremtechnologie van Head Rush is uiterst betrouwbaar en biedt lage eigendomskosten. Er zijn geen contactdelen in het remsysteem en er is minder slijtage doordat er geen wrijving is bij het remmen.<\/p>\n<p><strong>Modulair &amp; Compact<\/strong><br \/>\n Voeg extreme spanning toe in een verbazingwekkend kleine voetafdruk. FlightLine vereist een platform of toren van minimaal 18,5 m (60 ft) hoog, maar dan is het modulaire apparaat eenvoudig te installeren en te bedienen.<\/p>\n<p><iframe loading=\"lazy\" title=\"FlightLine Free Fall Device\" width=\"980\" height=\"551\" src=\"https:\/\/www.youtube.com\/embed\/1X_EOULPbHI?feature=oembed\" frameborder=\"0\" allow=\"accelerometer; autoplay; clipboard-write; encrypted-media; gyroscope; picture-in-picture\" allowfullscreen><\/iframe><\/p>\n<h2>VLUCHTLIJN MET 4,5M RIPCORD<\/h2>\n<h3>SPECIFICATIES:<\/h3>\n<ul>\n<li>Afmetingen: 615 x 457 x 234 mm (24,2 x 18 x 9,2 inch)<\/li>\n<li>Gewicht apparaat: 59 kg (130 lbs)<\/li>\n<li>Nominale werkcapaciteit: 34 tot 113 kg (75 tot 250 lbs)<\/li>\n<li><a href=\"https:\/\/cdn2.hubspot.net\/hubfs\/5957371\/magento-manuals\/flightline\/EN-flightline-installation-and-operation-manual.pdf\" target=\"_blank\" rel=\"noopener\">FlightLine Free Fall handleiding<\/a><\/li>\n<\/ul>\n<h3>STANDAARD CONFIGURATIE<\/h3>\n<ul>\n<li>Minimale montagehoogte*: 18,5 m (60 ft)<\/li>\n<li>Maximale montagehoogte*: 23 m (75 ft)<\/li>\n<li>Minimale afstand &#8211; mondstuk tot platform: 1,8 m (6 ft)<\/li>\n<li>Maximale afstand &#8211; mondstuk tot platform: 2,1 m (7 ft)<\/li>\n<\/ul>\n<h3>JUMP OVER CONFIGURATIE<\/h3>\n<ul>\n<li>Minimale montagehoogte*: 21 m (69 ft)<\/li>\n<li>Maximale montagehoogte*: 23 m (75 ft)<\/li>\n<li>Maximale afstand &#8211; mondstuk tot platform: 1,2 m (4 ft)<\/li>\n<\/ul>\n<p>Deze afstand is van het mondstuk van het apparaat tot de landingszone en is afhankelijk van de RipCord-lengte. Montagehoogtes zijn onder voorbehoud. FlightLine met een RipCord van 4,5 m zorgt voor een vrije val van ongeveer 4,5 m (15 ft).<\/p>\n<h2>VLUCHTLIJN MET 6,0 M RIPCORD<\/h2>\n<h3>SPECIFICATIES:<\/h3>\n<ul>\n<li>Afmetingen: 615 x 457 x 234 mm (24,2 x 18 x 9,2 inch)<\/li>\n<li>Gewicht apparaat: 59 kg (130 lbs)<\/li>\n<li>Nominale werkcapaciteit: 34 tot 130 kg (75 tot 285 lbs)<\/li>\n<\/ul>\n<h3>STANDAARD CONFIGURATIE<\/h3>\n<ul>\n<li>Minimale montagehoogte*: 20 m (65 ft)<\/li>\n<li>Maximale montagehoogte*: 24,5 m (80 ft)<\/li>\n<li>Minimale afstand &#8211; mondstuk tot platform: 1,8 m (6 ft)<\/li>\n<li>Maximale afstand &#8211; mondstuk tot platform: 2,1 m (7 ft)<\/li>\n<\/ul>\n<h3>JUMP OVER CONFIGURATIE<\/h3>\n<ul>\n<li>Minimale montagehoogte*: 23 m (75 ft)<\/li>\n<li>Maximale montagehoogte*: 24,5 m (80 ft)<\/li>\n<li>Maximale afstand &#8211; mondstuk tot platform: 1,2 m (4 ft)<\/li>\n<\/ul>\n<p>Deze afstand is van het mondstuk van het apparaat tot de landingszone en is afhankelijk van de RipCord-lengte. Montagehoogtes zijn onder voorbehoud. FlightLine met een RipCord van 6,0 m zorgt voor een vrije val van ongeveer 8 m (26 ft).<\/p>\n<p><img loading=\"lazy\" decoding=\"async\" class=\"alignnone size-full wp-image-253\" src=\"https:\/\/thrillsyndicate.com\/wp-content\/uploads\/2022\/02\/quickjump-quickflight-free-fall-selection-guide.jpg\" alt=\"\" width=\"800\" height=\"975\" srcset=\"https:\/\/thrillsyndicate.com\/wp-content\/uploads\/2022\/02\/quickjump-quickflight-free-fall-selection-guide.jpg 800w, https:\/\/thrillsyndicate.com\/wp-content\/uploads\/2022\/02\/quickjump-quickflight-free-fall-selection-guide-458x558.jpg 458w, https:\/\/thrillsyndicate.com\/wp-content\/uploads\/2022\/02\/quickjump-quickflight-free-fall-selection-guide-246x300.jpg 246w, https:\/\/thrillsyndicate.com\/wp-content\/uploads\/2022\/02\/quickjump-quickflight-free-fall-selection-guide-768x936.jpg 768w, https:\/\/thrillsyndicate.com\/wp-content\/uploads\/2022\/02\/quickjump-quickflight-free-fall-selection-guide-100x122.jpg 100w\" sizes=\"auto, (max-width: 800px) 100vw, 800px\" \/><\/p>\n<p><iframe loading=\"lazy\" title=\"FlightLine Free Fall\" width=\"980\" height=\"551\" src=\"https:\/\/www.youtube.com\/embed\/w5pVDf2nVec?feature=oembed\" frameborder=\"0\" allow=\"accelerometer; autoplay; clipboard-write; encrypted-media; gyroscope; picture-in-picture\" allowfullscreen><\/iframe><\/p>\n","protected":false},"excerpt":{"rendered":"<p>FlightLine, een revolutionaire vrije val-ervaring voor spannende afdalingen met een hoge doorvoer. Maak je klaar voor een nieuw soort vrije val-avontuur dat springers naar nooit eerder gedroomde hoogten brengt. Wat FlightLine anders maakt dan andere vrijevalopties, is een zachte vergrendeling voor het comfort van de rijder, remmen in twee fasen en een uitgebreide, echte vrijevalsensatie voor extreme spanning. Perfect voor avonturenparken, tokkelbanen, familie-entertainmentcentra en de amusementsindustrie.<\/p>\n","protected":false},"featured_media":3443,"template":"","meta":{"_coblocks_attr":"","_coblocks_dimensions":"","_coblocks_responsive_height":"","_coblocks_accordion_ie_support":"","wds_primary_product_brand":0,"wds_primary_product_cat":0},"product_brand":[72],"product_cat":[43],"product_tag":[519,518],"class_list":{"0":"post-5722","1":"product","2":"type-product","3":"status-publish","4":"has-post-thumbnail","6":"product_brand-head-rush-technologies","7":"product_cat-free-fall-devices","8":"product_tag-flightline-vrije-val","9":"product_tag-vrije-val","11":"first","12":"instock","13":"sale","14":"taxable","15":"shipping-taxable","16":"purchasable","17":"product-type-variable"},"_links":{"self":[{"href":"https:\/\/thrillsyndicate.com\/nl\/wp-json\/wp\/v2\/product\/5722","targetHints":{"allow":["GET"]}}],"collection":[{"href":"https:\/\/thrillsyndicate.com\/nl\/wp-json\/wp\/v2\/product"}],"about":[{"href":"https:\/\/thrillsyndicate.com\/nl\/wp-json\/wp\/v2\/types\/product"}],"wp:featuredmedia":[{"embeddable":true,"href":"https:\/\/thrillsyndicate.com\/nl\/wp-json\/wp\/v2\/media\/3443"}],"wp:attachment":[{"href":"https:\/\/thrillsyndicate.com\/nl\/wp-json\/wp\/v2\/media?parent=5722"}],"wp:term":[{"taxonomy":"product_brand","embeddable":true,"href":"https:\/\/thrillsyndicate.com\/nl\/wp-json\/wp\/v2\/product_brand?post=5722"},{"taxonomy":"product_cat","embeddable":true,"href":"https:\/\/thrillsyndicate.com\/nl\/wp-json\/wp\/v2\/product_cat?post=5722"},{"taxonomy":"product_tag","embeddable":true,"href":"https:\/\/thrillsyndicate.com\/nl\/wp-json\/wp\/v2\/product_tag?post=5722"}],"curies":[{"name":"wp","href":"https:\/\/api.w.org\/{rel}","templated":true}]}}