{"id":5834,"date":"2022-03-01T12:48:24","date_gmt":"2022-03-01T11:48:24","guid":{"rendered":"https:\/\/thrillsyndicate.com\/shop\/saferoller-switch-bifurcatie-afslagen-inhalen\/"},"modified":"2025-06-01T16:45:19","modified_gmt":"2025-06-01T14:45:19","slug":"saferoller-switch-bifurcatie","status":"publish","type":"product","link":"https:\/\/thrillsyndicate.com\/nl\/product\/saferoller-switch-bifurcatie\/","title":{"rendered":"Saferoller Schakelaar Bifurcatie | Bochten &amp; Inhalen"},"content":{"rendered":"<p>De Saferoller Bifurcation: De bifurcatie is een geweldig accessoire waarmee je kunt schakelen tussen paden, inhalen, uitrijden (nooduitgang) en een soort &#8220;katrollen station&#8221; kunt cre\u00ebren (in het geval van een &#8220;gesloten circuit&#8221; &#8211; station dat zelfs voor de nacht gesloten kan worden) &#8211; eenvoudig in gebruik, geen mechanisme, geen slijtage. Onderhoudsvrij! De Saferoller bifurcatie maakt het mogelijk om tussen verschillende banen te schakelen, in te halen en de baan te verlaten. Het kan gemakkelijk worden doorgegeven en er is geen extra mechanisme vereist. Bifurcatie is beschikbaar voor bochten naar links en naar rechts.  <\/p>\n<ul>\n<li>Geen onderhoud<\/li>\n<li>Duurzaam: onderdelen kunnen niet verslijten<\/li>\n<li>Geschikt voor kinderen van 8 jaar en ouder<\/li>\n<li><strong>NIET<\/strong> compatibel met Speedrunner Kanhook (PPE)<\/li>\n<\/ul>\n<p>  Voor veiligheidslijn \u00d8 12MM Werkbelasting v\u00f3\u00f3r slip: 15 kN<\/p>\n","protected":false},"excerpt":{"rendered":"<p>Met de bifurcatie van de Saferoller Switch kun je schakelen tussen verschillende banen, inhalen en de baan verlaten. Het kan gemakkelijk worden doorgegeven en er is geen extra mechanisme vereist. Bifurcatie is beschikbaar voor bochten naar links en naar rechts.<\/p>\n","protected":false},"featured_media":3017,"template":"","meta":{"_coblocks_attr":"","_coblocks_dimensions":"","_coblocks_responsive_height":"","_coblocks_accordion_ie_support":"","wds_primary_product_brand":0,"wds_primary_product_cat":0},"product_brand":[90],"product_cat":[49],"product_tag":[54,8],"class_list":{"0":"post-5834","1":"product","2":"type-product","3":"status-publish","4":"has-post-thumbnail","6":"product_brand-saferoller-continuous-belay","7":"product_cat-saferoller-continuous-belay-system","8":"product_tag-continuous-belay","9":"product_tag-belay-systems","11":"first","12":"instock","13":"taxable","14":"shipping-taxable","15":"purchasable","16":"product-type-variable"},"_links":{"self":[{"href":"https:\/\/thrillsyndicate.com\/nl\/wp-json\/wp\/v2\/product\/5834","targetHints":{"allow":["GET"]}}],"collection":[{"href":"https:\/\/thrillsyndicate.com\/nl\/wp-json\/wp\/v2\/product"}],"about":[{"href":"https:\/\/thrillsyndicate.com\/nl\/wp-json\/wp\/v2\/types\/product"}],"wp:featuredmedia":[{"embeddable":true,"href":"https:\/\/thrillsyndicate.com\/nl\/wp-json\/wp\/v2\/media\/3017"}],"wp:attachment":[{"href":"https:\/\/thrillsyndicate.com\/nl\/wp-json\/wp\/v2\/media?parent=5834"}],"wp:term":[{"taxonomy":"product_brand","embeddable":true,"href":"https:\/\/thrillsyndicate.com\/nl\/wp-json\/wp\/v2\/product_brand?post=5834"},{"taxonomy":"product_cat","embeddable":true,"href":"https:\/\/thrillsyndicate.com\/nl\/wp-json\/wp\/v2\/product_cat?post=5834"},{"taxonomy":"product_tag","embeddable":true,"href":"https:\/\/thrillsyndicate.com\/nl\/wp-json\/wp\/v2\/product_tag?post=5834"}],"curies":[{"name":"wp","href":"https:\/\/api.w.org\/{rel}","templated":true}]}}